{"id":1715,"date":"2024-07-25T17:23:56","date_gmt":"2024-07-25T23:23:56","guid":{"rendered":"https:\/\/casacuenca.mx\/?page_id=1715"},"modified":"2024-07-25T17:35:50","modified_gmt":"2024-07-25T23:35:50","slug":"terminos-y-condiciones","status":"publish","type":"page","link":"https:\/\/casacuenca.mx\/en\/terminos-y-condiciones\/","title":{"rendered":"T\u00c9RMINOS Y CONDICIONES"},"content":{"rendered":"<div data-elementor-type=\"wp-page\" data-elementor-id=\"1715\" class=\"elementor elementor-1715\" data-elementor-post-type=\"page\">\n\t\t\t\t<div class=\"elementor-element elementor-element-1ce2383c e-con-full e-flex e-con e-parent\" data-id=\"1ce2383c\" data-element_type=\"container\" data-e-type=\"container\" data-settings=\"{&quot;background_background&quot;:&quot;classic&quot;}\">\n\t\t<div class=\"elementor-element elementor-element-41ebc70c e-con-full e-flex e-con e-child\" data-id=\"41ebc70c\" data-element_type=\"container\" data-e-type=\"container\">\n\t\t\t\t<div class=\"elementor-element elementor-element-7c84250c elementor-widget__width-inherit elementor-widget-divider--view-line elementor-invisible elementor-widget elementor-widget-divider\" data-id=\"7c84250c\" data-element_type=\"widget\" data-e-type=\"widget\" data-settings=\"{&quot;_animation&quot;:&quot;fadeInLeft&quot;}\" data-widget_type=\"divider.default\">\n\t\t\t\t<div class=\"elementor-widget-container\">\n\t\t\t\t\t\t\t<div class=\"elementor-divider\">\n\t\t\t<span class=\"elementor-divider-separator\">\n\t\t\t\t\t\t<\/span>\n\t\t<\/div>\n\t\t\t\t\t\t<\/div>\n\t\t\t\t<\/div>\n\t\t\t\t<div class=\"elementor-element elementor-element-2727b3d4 elementor-widget__width-initial elementor-widget-tablet__width-inherit elementor-widget elementor-widget-heading\" data-id=\"2727b3d4\" data-element_type=\"widget\" data-e-type=\"widget\" data-widget_type=\"heading.default\">\n\t\t\t\t<div class=\"elementor-widget-container\">\n\t\t\t\t\t<h2 class=\"elementor-heading-title elementor-size-default\">T\u00c9RMINOS Y CONDICIONES<\/h2>\t\t\t\t<\/div>\n\t\t\t\t<\/div>\n\t\t\t\t<div class=\"elementor-element elementor-element-1fd5980e elementor-widget__width-initial elementor-widget-tablet__width-inherit elementor-widget elementor-widget-heading\" data-id=\"1fd5980e\" data-element_type=\"widget\" data-e-type=\"widget\" data-widget_type=\"heading.default\">\n\t\t\t\t<div class=\"elementor-widget-container\">\n\t\t\t\t\t<h2 class=\"elementor-heading-title elementor-size-default\">RED MICELIAL, S. A. DE C. V.  <\/h2>\t\t\t\t<\/div>\n\t\t\t\t<\/div>\n\t\t\t\t<div class=\"elementor-element elementor-element-df53958 elementor-widget__width-initial elementor-widget-tablet__width-inherit elementor-widget elementor-widget-heading\" data-id=\"df53958\" data-element_type=\"widget\" data-e-type=\"widget\" data-widget_type=\"heading.default\">\n\t\t\t\t<div class=\"elementor-widget-container\">\n\t\t\t\t\t<h2 class=\"elementor-heading-title elementor-size-default\">(HOTEL CASA CUENCA)<\/h2>\t\t\t\t<\/div>\n\t\t\t\t<\/div>\n\t\t\t\t<\/div>\n\t\t<div class=\"elementor-element elementor-element-61ef9242 e-flex e-con-boxed e-con e-child\" data-id=\"61ef9242\" data-element_type=\"container\" data-e-type=\"container\">\n\t\t\t\t\t<div class=\"e-con-inner\">\n\t\t\t\t<div class=\"elementor-element elementor-element-1fec524 elementor-widget__width-initial elementor-widget-tablet__width-inherit elementor-widget elementor-widget-heading\" data-id=\"1fec524\" data-element_type=\"widget\" data-e-type=\"widget\" data-widget_type=\"heading.default\">\n\t\t\t\t<div class=\"elementor-widget-container\">\n\t\t\t\t\t<h3 class=\"elementor-heading-title elementor-size-default\">GENERALES<\/h3>\t\t\t\t<\/div>\n\t\t\t\t<\/div>\n\t\t\t\t<div class=\"elementor-element elementor-element-34afb42d elementor-widget elementor-widget-text-editor\" data-id=\"34afb42d\" data-element_type=\"widget\" data-e-type=\"widget\" data-widget_type=\"text-editor.default\">\n\t\t\t\t<div class=\"elementor-widget-container\">\n\t\t\t\t\t\t\t\t\t<p>Favor de tomar en cuenta que al momento de su registro es necesario presentar identificaci\u00f3n oficial (credencial de elector, pasaporte, licencia de conducir, cedula profesional).<\/p><p>Solo se respetar\u00e1 la reservaci\u00f3n tal como se indic\u00f3 y se confirm\u00f3 en el sistema. El hotel podr\u00e1 rechazar otra confirmaci\u00f3n escrita o impresa que pudiera haber sido alterada.<\/p><p>Las tarifas diarias fluct\u00faan y var\u00edan seg\u00fan el d\u00eda y la disponibilidad de alojamiento en Hotel Casa Cuenca.<\/p>\t\t\t\t\t\t\t\t<\/div>\n\t\t\t\t<\/div>\n\t\t\t\t<div class=\"elementor-element elementor-element-1b005ad elementor-widget__width-initial elementor-widget-tablet__width-inherit elementor-widget elementor-widget-heading\" data-id=\"1b005ad\" data-element_type=\"widget\" data-e-type=\"widget\" data-widget_type=\"heading.default\">\n\t\t\t\t<div class=\"elementor-widget-container\">\n\t\t\t\t\t<h3 class=\"elementor-heading-title elementor-size-default\">GARANT\u00cdA DE RESERVA\/GARANT\u00cdA DE NO PRESENTACI\u00d3N<\/h3>\t\t\t\t<\/div>\n\t\t\t\t<\/div>\n\t\t\t\t<div class=\"elementor-element elementor-element-9cf9e83 elementor-widget elementor-widget-text-editor\" data-id=\"9cf9e83\" data-element_type=\"widget\" data-e-type=\"widget\" data-widget_type=\"text-editor.default\">\n\t\t\t\t<div class=\"elementor-widget-container\">\n\t\t\t\t\t\t\t\t\t<p>Las reservas de alojamiento en Hotel Casa Cuenca podr\u00e1n estar \u201cGarantizadas\u201d mediante pago por adelantado mediante tarjeta de cr\u00e9dito o enviando comprobante de dep\u00f3sito en cuenta.<\/p><p>Esta garant\u00eda asegura que el apartamento estar\u00e1 disponible hasta el mediod\u00eda del d\u00eda siguiente a la fecha de entrada, incluso si el hu\u00e9sped no se presenta (guest no-show).<\/p><p>Pasado el mediod\u00eda del d\u00eda siguiente a la fecha de check-in, si el hu\u00e9sped no se presenta (no-show), se cobrar\u00e1n los importes seg\u00fan el tipo de reserva que se especifica a continuaci\u00f3n:<\/p><ol><li>Reserva reembolsable: se cobrar\u00e1 el importe de la primera noche y el resto se devolver\u00e1 al hu\u00e9sped;<\/li><li>Reserva no reembolsable: se cargar\u00e1 el coste del periodo completo de alojamiento.<\/li><\/ol><p>\u00a0<\/p><p>Las reservas \u201cNo Garantizadas\u201d podr\u00e1n ser canceladas por parte del Hotel por falta de disponibilidad hasta la fecha de check-in.<\/p>\t\t\t\t\t\t\t\t<\/div>\n\t\t\t\t<\/div>\n\t\t\t\t<div class=\"elementor-element elementor-element-2aba2aa elementor-widget__width-initial elementor-widget-tablet__width-inherit elementor-widget elementor-widget-heading\" data-id=\"2aba2aa\" data-element_type=\"widget\" data-e-type=\"widget\" data-widget_type=\"heading.default\">\n\t\t\t\t<div class=\"elementor-widget-container\">\n\t\t\t\t\t<h3 class=\"elementor-heading-title elementor-size-default\"> CANCELACI\u00d3N<\/h3>\t\t\t\t<\/div>\n\t\t\t\t<\/div>\n\t\t\t\t<div class=\"elementor-element elementor-element-e9a4f7e elementor-widget elementor-widget-text-editor\" data-id=\"e9a4f7e\" data-element_type=\"widget\" data-e-type=\"widget\" data-widget_type=\"text-editor.default\">\n\t\t\t\t<div class=\"elementor-widget-container\">\n\t\t\t\t\t\t\t\t\t<p>El hu\u00e9sped podr\u00e1 solicitar la cancelaci\u00f3n del alojamiento seg\u00fan las siguientes condiciones:<\/p><ol><li>Reserva reembolsable: La cancelaci\u00f3n se podr\u00e1 realizar sin gastos, siempre que se solicite con hasta 24 horas de antelaci\u00f3n a la fecha de entrada. Pasado este plazo, el Hotel cancelar\u00e1 el alojamiento cobrando la primera noche;<\/li><li>Reserva no reembolsable: Se realizar\u00e1 cancelaci\u00f3n, sin embargo habr\u00e1 un cargo por el per\u00edodo completo de alojamiento, tomando en cuenta las condiciones del per\u00edodo especial y valores ofrecidos al momento de la reserva.<\/li><li>Reservas de Paquetes\/Grupos: Se pueden realizar sin costo, siempre que se soliciten con hasta 20 d\u00edas de anticipaci\u00f3n a la fecha de check-in. Las cancelaciones solicitadas entre 19 y 15 d\u00edas antes de la fecha de entrada tendr\u00e1n un cargo del 50% del precio del alojamiento. Las cancelaciones solicitadas con menos de 14 d\u00edas de antelaci\u00f3n al check-in se cargar\u00e1n el 100% del precio del alojamiento.<\/li><\/ol>\t\t\t\t\t\t\t\t<\/div>\n\t\t\t\t<\/div>\n\t\t\t\t<div class=\"elementor-element elementor-element-72c01cd elementor-widget__width-initial elementor-widget-tablet__width-inherit elementor-widget elementor-widget-heading\" data-id=\"72c01cd\" data-element_type=\"widget\" data-e-type=\"widget\" data-widget_type=\"heading.default\">\n\t\t\t\t<div class=\"elementor-widget-container\">\n\t\t\t\t\t<h3 class=\"elementor-heading-title elementor-size-default\">CAMBIOS DE ALOJAMIENTO<\/h3>\t\t\t\t<\/div>\n\t\t\t\t<\/div>\n\t\t\t\t<div class=\"elementor-element elementor-element-8d545d0 elementor-widget elementor-widget-text-editor\" data-id=\"8d545d0\" data-element_type=\"widget\" data-e-type=\"widget\" data-widget_type=\"text-editor.default\">\n\t\t\t\t<div class=\"elementor-widget-container\">\n\t\t\t\t\t\t\t\t\t<p>El hu\u00e9sped podr\u00e1 solicitar un cambio de alojamiento seg\u00fan las siguientes condiciones:<\/p><ol><li>Reservas reembolsables: se aceptar\u00e1n cambios de fecha por escrito, hasta 24 horas antes del d\u00eda de check-in originalmente confirmado, pasado este plazo se cobrar\u00e1 el monto de 01 noche;<\/li><li>Reservas no reembolsables: los cambios se realizar\u00e1n previo pago del periodo completo de alojamiento.<\/li><\/ol>\t\t\t\t\t\t\t\t<\/div>\n\t\t\t\t<\/div>\n\t\t\t\t<div class=\"elementor-element elementor-element-0184ade elementor-widget__width-initial elementor-widget-tablet__width-inherit elementor-widget elementor-widget-heading\" data-id=\"0184ade\" data-element_type=\"widget\" data-e-type=\"widget\" data-widget_type=\"heading.default\">\n\t\t\t\t<div class=\"elementor-widget-container\">\n\t\t\t\t\t<h3 class=\"elementor-heading-title elementor-size-default\">ALOJAMIENTO PARA NI\u00d1OS, NI\u00d1AS Y ADOLESCENTES (MENORES DE EDAD)<\/h3>\t\t\t\t<\/div>\n\t\t\t\t<\/div>\n\t\t\t\t<div class=\"elementor-element elementor-element-35ebfb4 elementor-widget elementor-widget-text-editor\" data-id=\"35ebfb4\" data-element_type=\"widget\" data-e-type=\"widget\" data-widget_type=\"text-editor.default\">\n\t\t\t\t<div class=\"elementor-widget-container\">\n\t\t\t\t\t\t\t\t\t<p>El alojamiento para ni\u00f1os, ni\u00f1as y adolescentes deber\u00e1 cumplir con los requisitos de liberaci\u00f3n de responsabilidad de estadia de menores de edad, adem\u00e1s de los criterios que se detallan a continuaci\u00f3n:<\/p><p>El alojamiento de 01 ni\u00f1o hasta 05 a\u00f1os es gratuito siempre y cuando se aloje con 02 adultos de pago y en camas ya presentes en la habitaci\u00f3n. El ni\u00f1o deber\u00e1 portar un documento de identificaci\u00f3n y estar acompa\u00f1ado de sus padres o tutores. En caso de ausencia de alguna de estas personas, el hu\u00e9sped responsable deber\u00e1 presentar autorizaci\u00f3n escrita de \u00e9sta o de la autoridad judicial. Cuna: de cortes\u00eda previa solicitud y disponibilidad del Hotel \/ cama supletoria: importe a cobrar por separado y previa solicitud y disponibilidad del Hotel;<\/p><p>El alojamiento para ni\u00f1os mayores de 6 a\u00f1os y adolescentes hasta 18 a\u00f1os se cobrar\u00e1 como extra al mismo precio que para adultos. Los ni\u00f1os y\/o adolescentes deber\u00e1n portar un documento de identificaci\u00f3n y estar acompa\u00f1ados de sus padres o tutores, en ausencia de alguna de estas personas, el hu\u00e9sped responsable deber\u00e1 presentar autorizaci\u00f3n escrita de ellos o de la autoridad judicial;<\/p><p>El incumplimiento de las condiciones especificadas anteriormente y del Estatuto del Ni\u00f1o y del Adolescente imposibilitar\u00e1 la realizaci\u00f3n del check-in, no existiendo reembolso de las p\u00e9rdidas eventualmente generadas. La penalizaci\u00f3n se aplicar\u00e1 de acuerdo con la pol\u00edtica de cancelaci\u00f3n\/no presentaci\u00f3n del per\u00edodo.<\/p>\t\t\t\t\t\t\t\t<\/div>\n\t\t\t\t<\/div>\n\t\t\t\t<div class=\"elementor-element elementor-element-782a2be elementor-widget__width-initial elementor-widget-tablet__width-inherit elementor-widget elementor-widget-heading\" data-id=\"782a2be\" data-element_type=\"widget\" data-e-type=\"widget\" data-widget_type=\"heading.default\">\n\t\t\t\t<div class=\"elementor-widget-container\">\n\t\t\t\t\t<h3 class=\"elementor-heading-title elementor-size-default\">INGRESO\/REGISTRO ANTICIPADO<\/h3>\t\t\t\t<\/div>\n\t\t\t\t<\/div>\n\t\t\t\t<div class=\"elementor-element elementor-element-4ef50df elementor-widget elementor-widget-text-editor\" data-id=\"4ef50df\" data-element_type=\"widget\" data-e-type=\"widget\" data-widget_type=\"text-editor.default\">\n\t\t\t\t<div class=\"elementor-widget-container\">\n\t\t\t\t\t\t\t\t\t<p>El ingreso anticipado se podr\u00e1 realizar a partir de las 9:00 am, sujeto a disponibilidad del Hotel y pago del monto correspondiente a medio d\u00eda;<\/p><p>Las entradas antes de las 9:00 horas se podr\u00e1n realizar sujetas a disponibilidad del Hotel y al pago del importe correspondiente a una noche de estancia.<\/p>\t\t\t\t\t\t\t\t<\/div>\n\t\t\t\t<\/div>\n\t\t\t\t<div class=\"elementor-element elementor-element-f739190 elementor-widget__width-initial elementor-widget-tablet__width-inherit elementor-widget elementor-widget-heading\" data-id=\"f739190\" data-element_type=\"widget\" data-e-type=\"widget\" data-widget_type=\"heading.default\">\n\t\t\t\t<div class=\"elementor-widget-container\">\n\t\t\t\t\t<h3 class=\"elementor-heading-title elementor-size-default\">SALIDA ANTICIPADA<\/h3>\t\t\t\t<\/div>\n\t\t\t\t<\/div>\n\t\t\t\t<div class=\"elementor-element elementor-element-b1bf054 elementor-widget elementor-widget-text-editor\" data-id=\"b1bf054\" data-element_type=\"widget\" data-e-type=\"widget\" data-widget_type=\"text-editor.default\">\n\t\t\t\t<div class=\"elementor-widget-container\">\n\t\t\t\t\t\t\t\t\t<ol><li>Reservas reembolsables : Se aceptan y realizan devoluciones de noches no utilizadas;<\/li><li>Reservas no reembolsables: Se aceptan previo pago del periodo completo de la reserva.<\/li><\/ol>\t\t\t\t\t\t\t\t<\/div>\n\t\t\t\t<\/div>\n\t\t\t\t<div class=\"elementor-element elementor-element-ed66d57 elementor-widget__width-initial elementor-widget-tablet__width-inherit elementor-widget elementor-widget-heading\" data-id=\"ed66d57\" data-element_type=\"widget\" data-e-type=\"widget\" data-widget_type=\"heading.default\">\n\t\t\t\t<div class=\"elementor-widget-container\">\n\t\t\t\t\t<h3 class=\"elementor-heading-title elementor-size-default\">DEFINICICIONES<\/h3>\t\t\t\t<\/div>\n\t\t\t\t<\/div>\n\t\t\t\t<div class=\"elementor-element elementor-element-873799c elementor-widget elementor-widget-text-editor\" data-id=\"873799c\" data-element_type=\"widget\" data-e-type=\"widget\" data-widget_type=\"text-editor.default\">\n\t\t\t\t<div class=\"elementor-widget-container\">\n\t\t\t\t\t\t\t\t\t<p>Bono de confirmaci\u00f3n de reserva: documento enviado por el Hotel confirmando el alojamiento del hu\u00e9sped;<\/p><p>Fecha de confirmaci\u00f3n de la reserva: fecha en la que se realiza el dep\u00f3sito de garant\u00eda de la reserva (v\u00eda dep\u00f3sito bancario, transferencia bancaria, d\u00e9bito en tarjeta de cr\u00e9dito o cualquier otro m\u00e9todo de pago acordado);<\/p><p>Tarifa diaria: per\u00edodo comprendido entre la hora de entrada y la hora de salida;<\/p><p>No-Show: cliente que no se presenta en el hotel;<\/p><p>Check-in: hora de inicio de la primera noche;<\/p><p>Check-out: hora de finalizaci\u00f3n de la \u00faltima noche;<\/p>\t\t\t\t\t\t\t\t<\/div>\n\t\t\t\t<\/div>\n\t\t\t\t<div class=\"elementor-element elementor-element-6fa1fed elementor-widget__width-initial elementor-widget-tablet__width-inherit elementor-widget elementor-widget-heading\" data-id=\"6fa1fed\" data-element_type=\"widget\" data-e-type=\"widget\" data-widget_type=\"heading.default\">\n\t\t\t\t<div class=\"elementor-widget-container\">\n\t\t\t\t\t<h3 class=\"elementor-heading-title elementor-size-default\">FACTURACI\u00d3N<\/h3>\t\t\t\t<\/div>\n\t\t\t\t<\/div>\n\t\t\t\t<div class=\"elementor-element elementor-element-91faeb1 elementor-widget elementor-widget-text-editor\" data-id=\"91faeb1\" data-element_type=\"widget\" data-e-type=\"widget\" data-widget_type=\"text-editor.default\">\n\t\t\t\t<div class=\"elementor-widget-container\">\n\t\t\t\t\t\t\t\t\t<p>La factura se generar\u00e1 de manera autom\u00e1tica en cuanto el check-out este efectuado.<\/p>\t\t\t\t\t\t\t\t<\/div>\n\t\t\t\t<\/div>\n\t\t\t\t<div class=\"elementor-element elementor-element-cd80737 elementor-widget-divider--view-line elementor-widget elementor-widget-divider\" data-id=\"cd80737\" data-element_type=\"widget\" data-e-type=\"widget\" data-widget_type=\"divider.default\">\n\t\t\t\t<div class=\"elementor-widget-container\">\n\t\t\t\t\t\t\t<div class=\"elementor-divider\">\n\t\t\t<span class=\"elementor-divider-separator\">\n\t\t\t\t\t\t<\/span>\n\t\t<\/div>\n\t\t\t\t\t\t<\/div>\n\t\t\t\t<\/div>\n\t\t\t\t<div class=\"elementor-element elementor-element-23eb519 elementor-widget elementor-widget-image\" data-id=\"23eb519\" data-element_type=\"widget\" data-e-type=\"widget\" data-widget_type=\"image.default\">\n\t\t\t\t<div class=\"elementor-widget-container\">\n\t\t\t\t\t\t\t\t\t\t\t\t\t\t\t<img fetchpriority=\"high\" decoding=\"async\" width=\"800\" height=\"92\" src=\"https:\/\/casacuenca.mx\/wp-content\/uploads\/2024\/03\/CASACUENCA-logolight-1024x118.png\" class=\"attachment-large size-large wp-image-25\" alt=\"\" srcset=\"https:\/\/casacuenca.mx\/wp-content\/uploads\/2024\/03\/CASACUENCA-logolight-1024x118.png 1024w, https:\/\/casacuenca.mx\/wp-content\/uploads\/2024\/03\/CASACUENCA-logolight-300x34.png 300w, https:\/\/casacuenca.mx\/wp-content\/uploads\/2024\/03\/CASACUENCA-logolight-768x88.png 768w, https:\/\/casacuenca.mx\/wp-content\/uploads\/2024\/03\/CASACUENCA-logolight-1536x176.png 1536w, https:\/\/casacuenca.mx\/wp-content\/uploads\/2024\/03\/CASACUENCA-logolight-2048x235.png 2048w, https:\/\/casacuenca.mx\/wp-content\/uploads\/2024\/03\/CASACUENCA-logolight-600x69.png 600w\" sizes=\"(max-width: 800px) 100vw, 800px\" \/>\t\t\t\t\t\t\t\t\t\t\t\t\t\t\t<\/div>\n\t\t\t\t<\/div>\n\t\t\t\t<div class=\"elementor-element elementor-element-b78d8a8 elementor-widget elementor-widget-text-editor\" data-id=\"b78d8a8\" data-element_type=\"widget\" data-e-type=\"widget\" data-widget_type=\"text-editor.default\">\n\t\t\t\t<div class=\"elementor-widget-container\">\n\t\t\t\t\t\t\t\t\t<p>Hotel Casa Cuenca, marca registrada.<\/p><p>Hotel Casa Cuenca est\u00e1 apegado a la Ley Federal de Protecci\u00f3n de Datos, para mayor informaci\u00f3n consulta en <a href=\"https:\/\/casacuenca.mx\/en\/aviso-de-privacidad\/\">www.casacuenca.mx\/aviso-de-privacidad<\/a><\/p>\t\t\t\t\t\t\t\t<\/div>\n\t\t\t\t<\/div>\n\t\t\t\t\t<\/div>\n\t\t\t\t<\/div>\n\t\t\t\t<\/div>\n\t\t\t\t<\/div>","protected":false},"excerpt":{"rendered":"<p>T\u00c9RMINOS Y CONDICIONES RED MICELIAL, S. A. DE C. V. (HOTEL CASA CUENCA) GENERALES Favor de tomar en cuenta que al momento de su registro es necesario presentar identificaci\u00f3n oficial (credencial de elector, pasaporte, licencia de conducir, cedula profesional). Solo se respetar\u00e1 la reservaci\u00f3n tal como se indic\u00f3 y se confirm\u00f3 en el sistema. El [&hellip;]<\/p>\n","protected":false},"author":2,"featured_media":1518,"parent":0,"menu_order":0,"comment_status":"closed","ping_status":"closed","template":"","meta":{"footnotes":""},"class_list":["post-1715","page","type-page","status-publish","has-post-thumbnail","hentry"],"_links":{"self":[{"href":"https:\/\/casacuenca.mx\/en\/wp-json\/wp\/v2\/pages\/1715","targetHints":{"allow":["GET"]}}],"collection":[{"href":"https:\/\/casacuenca.mx\/en\/wp-json\/wp\/v2\/pages"}],"about":[{"href":"https:\/\/casacuenca.mx\/en\/wp-json\/wp\/v2\/types\/page"}],"author":[{"embeddable":true,"href":"https:\/\/casacuenca.mx\/en\/wp-json\/wp\/v2\/users\/2"}],"replies":[{"embeddable":true,"href":"https:\/\/casacuenca.mx\/en\/wp-json\/wp\/v2\/comments?post=1715"}],"version-history":[{"count":13,"href":"https:\/\/casacuenca.mx\/en\/wp-json\/wp\/v2\/pages\/1715\/revisions"}],"predecessor-version":[{"id":1729,"href":"https:\/\/casacuenca.mx\/en\/wp-json\/wp\/v2\/pages\/1715\/revisions\/1729"}],"wp:featuredmedia":[{"embeddable":true,"href":"https:\/\/casacuenca.mx\/en\/wp-json\/wp\/v2\/media\/1518"}],"wp:attachment":[{"href":"https:\/\/casacuenca.mx\/en\/wp-json\/wp\/v2\/media?parent=1715"}],"curies":[{"name":"wp","href":"https:\/\/api.w.org\/{rel}","templated":true}]}}